{"id":6911,"date":"2019-02-01T23:11:51","date_gmt":"2019-02-01T21:11:51","guid":{"rendered":"http:\/\/www.dannegru.com\/?page_id=6911"},"modified":"2020-05-10T15:58:15","modified_gmt":"2020-05-10T13:58:15","slug":"curriculum-vitae","status":"publish","type":"page","link":"https:\/\/www.dannegru.com\/?page_id=6911","title":{"rendered":"Curriculum Vitae"},"content":{"rendered":"<p>https:\/\/ro.wikipedia.org\/wiki\/Dan_Negru<\/p>\n<p>Next Star &#8211; Antena 1<br \/>\nGuess my age &#8211; Ghice\u0219te V\u00e2rsta- Antena 1<br \/>\nBeat the Blondes &#8211; Te pui cu Blondele- Antena 1<br \/>\nWho wants to be a millionaire &#8211; Vrei s\u0103 fii milionar- PrimeTv Chi\u0219in\u0103u-<br \/>\nLet&#8217;s make a deal &#8211; Batem Palma- Antena 1-<br \/>\nCiao Darwin- Antena 1-<br \/>\nStar Factory &#8211; Fabrica de staruri- PrimeTV Chi\u0219in\u0103u-<br \/>\nDeal or not Deal &#8211; Da sau Nu &#8211; PrimeTv Chi\u0219in\u0103u-<br \/>\nPlasa de stele- Antena 1-<br \/>\nCompeti\u021bia -Antena 1-<br \/>\nRadio Star- TVR-<br \/>\nLiga Fantastic\u0103 Gazeta Sporturilor- Antena 1-<br \/>\nO sear\u0103 de vis \u00eempreun\u0103 cu Mihaela R\u0103dulescu -Antena 1-<br \/>\nRevelioane 1999-prezent -TVR &#038; Antena 1-<br \/>\nFestivaluri Mamaia -TVR-<br \/>\nEurovison &#8211; TVR-<br \/>\nGo- Antena 1 &#8211;<br \/>\nFestivalul Callatis -TVR-<br \/>\nAcademia Vedetelor &#8211; Antena 1-<br \/>\nZiua Judec\u0103\u021bii -Antena 1-<br \/>\nExpres Muzical- TVR-<br \/>\nGeniali &#8211; Antena 1-<br \/>\nJeux sans Frontieres- hub in Saint Tropez- Antena 1-<br \/>\nTeledon 2001-2009\/ Teledon Colectiv( 2015) \/ Teledon Pandemia Coronavirus (2020) -Antena 1-<br \/>\nVreau s\u0103 fiu stewardes\u0103 -Antena 1-<br \/>\nEchipa Fantastic\u0103 &#8211; Antena 1-<br \/>\n\u0218erifi de Rom\u00e2nia-Antena 1-<br \/>\nScena Misterelor- Antena 1-<br \/>\nMoney Drop-Cu banii jos-hub in Istanbul &#8211; Antena 1-<br \/>\nWheel of Fortune-Roata Norocului- PrimeTv-Chi\u0219in\u0103u-<br \/>\nDin 2010 este moderator TV \u0219i \u00een Republica Moldova la televizunea Prime, cu show-urile :<\/p>\n<p>\u201eVrei s\u0103 fii milionar?\u201d- Who wants to be a millionaire<\/p>\n<p>\u201eDa sau Nu?\u201d &#8211; Deal or not Deal<\/p>\n<p>\u201eFabrica de staruri\u201d- Star Factory<\/p>\n<p>&#8222;Roata Norocului&#8221;- Wheel of Fortune<\/p>\n<p>\u0218i \u00een Republica Moldova showurile prezentate de Dan Negru au atins cote de pia\u021b\u0103 istorice conform datelor oficiale oferite de AGB Nilsen.<\/p>\n<p>Deal or Not Deal (Da sau Nu)a stabilit recordul istoric de audien\u021b\u0103 pentru game-quizz din Republica Moldova.<\/p>\n<p>https:\/\/www.publika.md\/lider-de-audienta-da-sau-nu-este-cel-mai-urmarit-show-din-moldova_2796501.html<\/p>\n<p>https:\/\/www.publika.md\/marea-premiera-din-aceasta-toamna-roata-norocului-a-inregistrat-audiente-impresionante-fiecare-al-patrulea-televizor-din-tara-conectat-pe-prime-_3060035.htmlRevelioane 1999-present <\/p>\n","protected":false},"excerpt":{"rendered":"<p>https:\/\/ro.wikipedia.org\/wiki\/Dan_Negru Next Star &#8211; Antena 1 Guess my age &#8211; Ghice\u0219te V\u00e2rsta- Antena 1 Beat the Blondes &#8211; Te pui cu Blondele- Antena 1 Who wants to be a millionaire &#8211; Vrei s\u0103 fii milionar- PrimeTv Chi\u0219in\u0103u- Let&#8217;s make a &hellip; <a href=\"https:\/\/www.dannegru.com\/?page_id=6911\">Continu\u0103 s\u0103 cite\u0219ti <span class=\"meta-nav\">&rarr;<\/span><\/a><\/p>\n","protected":false},"author":2,"featured_media":0,"parent":0,"menu_order":0,"comment_status":"closed","ping_status":"closed","template":"","meta":{"_monsterinsights_skip_tracking":false,"_monsterinsights_sitenote_active":false,"_monsterinsights_sitenote_note":"","_monsterinsights_sitenote_category":0,"footnotes":""},"class_list":["post-6911","page","type-page","status-publish","hentry"],"_links":{"self":[{"href":"https:\/\/www.dannegru.com\/index.php?rest_route=\/wp\/v2\/pages\/6911"}],"collection":[{"href":"https:\/\/www.dannegru.com\/index.php?rest_route=\/wp\/v2\/pages"}],"about":[{"href":"https:\/\/www.dannegru.com\/index.php?rest_route=\/wp\/v2\/types\/page"}],"author":[{"embeddable":true,"href":"https:\/\/www.dannegru.com\/index.php?rest_route=\/wp\/v2\/users\/2"}],"replies":[{"embeddable":true,"href":"https:\/\/www.dannegru.com\/index.php?rest_route=%2Fwp%2Fv2%2Fcomments&post=6911"}],"version-history":[{"count":4,"href":"https:\/\/www.dannegru.com\/index.php?rest_route=\/wp\/v2\/pages\/6911\/revisions"}],"predecessor-version":[{"id":7218,"href":"https:\/\/www.dannegru.com\/index.php?rest_route=\/wp\/v2\/pages\/6911\/revisions\/7218"}],"wp:attachment":[{"href":"https:\/\/www.dannegru.com\/index.php?rest_route=%2Fwp%2Fv2%2Fmedia&parent=6911"}],"curies":[{"name":"wp","href":"https:\/\/api.w.org\/{rel}","templated":true}]}}